{"id":40,"date":"2021-03-10T09:29:15","date_gmt":"2021-03-10T09:29:15","guid":{"rendered":"https:\/\/apusthemes.com\/wp-demo\/superio\/?page_id=40"},"modified":"2026-01-13T14:03:31","modified_gmt":"2026-01-13T13:03:31","slug":"acerca-de","status":"publish","type":"page","link":"https:\/\/immitalents.com\/es\/about\/","title":{"rendered":"Acerca de"},"content":{"rendered":"<div data-elementor-type=\"wp-page\" data-elementor-id=\"40\" class=\"elementor elementor-40\" data-elementor-post-type=\"page\">\n\t\t\t\t<div class=\"elementor-element elementor-element-34ecdfc e-flex e-con-boxed e-con e-parent\" data-id=\"34ecdfc\" data-element_type=\"container\" data-e-type=\"container\">\n\t\t\t\t\t<div class=\"e-con-inner\">\n\t\t\t\t<div class=\"elementor-element elementor-element-aaa03f5 elementor-widget elementor-widget-apus_element_heading\" data-id=\"aaa03f5\" data-element_type=\"widget\" data-e-type=\"widget\" data-widget_type=\"apus_element_heading.default\">\n\t\t\t\t<div class=\"elementor-widget-container\">\n\t\t\t\t\t<h1 class=\"superio-heading-title superio-size-default\">Qui\u00e9nes somos<\/h1>\t\t\t\t<\/div>\n\t\t\t\t<\/div>\n\t\t\t\t<div class=\"elementor-element elementor-element-27fc503 elementor-widget elementor-widget-image\" data-id=\"27fc503\" data-element_type=\"widget\" data-e-type=\"widget\" data-widget_type=\"image.default\">\n\t\t\t\t<div class=\"elementor-widget-container\">\n\t\t\t\t\t\t\t\t\t\t\t\t\t\t\t<img fetchpriority=\"high\" decoding=\"async\" width=\"660\" height=\"370\" src=\"https:\/\/immitalents.com\/wp-content\/uploads\/2026\/01\/22548266_503Z_29-768x430.jpg\" class=\"attachment-medium_large size-medium_large wp-image-10214\" alt=\"\" srcset=\"https:\/\/immitalents.com\/wp-content\/uploads\/2026\/01\/22548266_503Z_29-768x430.jpg 768w, https:\/\/immitalents.com\/wp-content\/uploads\/2026\/01\/22548266_503Z_29-300x168.jpg 300w, https:\/\/immitalents.com\/wp-content\/uploads\/2026\/01\/22548266_503Z_29-1024x573.jpg 1024w, https:\/\/immitalents.com\/wp-content\/uploads\/2026\/01\/22548266_503Z_29-1536x859.jpg 1536w, https:\/\/immitalents.com\/wp-content\/uploads\/2026\/01\/22548266_503Z_29-2048x1146.jpg 2048w, https:\/\/immitalents.com\/wp-content\/uploads\/2026\/01\/22548266_503Z_29-18x10.jpg 18w, https:\/\/immitalents.com\/wp-content\/uploads\/2026\/01\/22548266_503Z_29-600x336.jpg 600w\" sizes=\"(max-width: 660px) 100vw, 660px\" \/>\t\t\t\t\t\t\t\t\t\t\t\t\t\t\t<\/div>\n\t\t\t\t<\/div>\n\t\t\t\t\t<\/div>\n\t\t\t\t<\/div>\n\t\t\t\t<section class=\"elementor-section elementor-top-section elementor-element elementor-element-b349c76 elementor-section-stretched elementor-section-boxed elementor-section-height-default elementor-section-height-default\" data-id=\"b349c76\" data-element_type=\"section\" data-e-type=\"section\" data-settings=\"{&quot;stretch_section&quot;:&quot;section-stretched&quot;}\">\n\t\t\t\t\t\t<div class=\"elementor-container elementor-column-gap-extended\">\n\t\t\t\t\t<div class=\"elementor-column elementor-col-100 elementor-top-column elementor-element elementor-element-1d99470\" data-id=\"1d99470\" data-element_type=\"column\" data-e-type=\"column\">\n\t\t\t<div class=\"elementor-widget-wrap elementor-element-populated\">\n\t\t\t\t\t\t<div class=\"elementor-element elementor-element-d42aa63 elementor-widget elementor-widget-heading\" data-id=\"d42aa63\" data-element_type=\"widget\" data-e-type=\"widget\" data-widget_type=\"heading.default\">\n\t\t\t\t<div class=\"elementor-widget-container\">\n\t\t\t\t\t<h2 class=\"elementor-heading-title elementor-size-default\">Acerca de ImmiTalents: Carreras internacionales, simplificadas<\/h2>\t\t\t\t<\/div>\n\t\t\t\t<\/div>\n\t\t\t\t<div class=\"elementor-element elementor-element-455cbd6 elementor-widget elementor-widget-text-editor\" data-id=\"455cbd6\" data-element_type=\"widget\" data-e-type=\"widget\" data-widget_type=\"text-editor.default\">\n\t\t\t\t<div class=\"elementor-widget-container\">\n\t\t\t\t\t\t\t\t\t<h4><!--StartFragment --><\/h4>\n<p><span class=\"cf0\">ImmiTalents centraliza el proceso de inmigraci\u00f3n econ\u00f3mica en una plataforma global. Simplificamos el complejo proceso de inmigraci\u00f3n conectando a profesionales cualificados con oportunidades de trabajo internacionales verificadas y asesores de inmigraci\u00f3n experimentados en todo el mundo. Nuestra misi\u00f3n es clara: hacer que la movilidad profesional internacional sea accesible, transparente y eficiente, independientemente del pa\u00eds al que se traslade o desde el que contrate. <\/span><\/p>\n<p><span class=\"cf0\">&nbsp;<\/span><\/p>\n<p><span class=\"cf0\">&nbsp;<\/span><span style=\"font-family: var(--superio-main-font), Helvetica, Arial, sans-serif;\">&nbsp;<\/span><span style=\"font-family: var(--superio-main-font), Helvetica, Arial, sans-serif;\">&nbsp;<\/span><\/p>\t\t\t\t\t\t\t\t<\/div>\n\t\t\t\t<\/div>\n\t\t\t\t\t<\/div>\n\t\t<\/div>\n\t\t\t\t\t<\/div>\n\t\t<\/section>\n\t\t\t\t<\/div>","protected":false},"excerpt":{"rendered":"<p>About Us About ImmiTalents: Global Careers, Simplified ImmiTalents centralizes the economic immigration journey on one global platform. We simplify the complex immigration process by connecting skilled professionals with verified international job opportunities and experienced immigration consultants worldwide. Our mission is clear: make international career mobility accessible, transparent, and efficient\u2014no matter which country you&#8217;re moving to [&hellip;]<\/p>\n","protected":false},"author":41,"featured_media":0,"parent":0,"menu_order":0,"comment_status":"closed","ping_status":"closed","template":"","meta":{"_acf_changed":false,"footnotes":""},"class_list":["post-40","page","type-page","status-publish","hentry"],"acf":[],"yoast_head":"<!-- This site is optimized with the Yoast SEO plugin v27.3 - https:\/\/yoast.com\/product\/yoast-seo-wordpress\/ -->\n<title>About - Immitalents<\/title>\n<meta name=\"robots\" content=\"index, follow, max-snippet:-1, max-image-preview:large, max-video-preview:-1\" \/>\n<link rel=\"canonical\" href=\"https:\/\/immitalents.com\/es\/acerca-de\/\" \/>\n<meta property=\"og:locale\" content=\"es_ES\" \/>\n<meta property=\"og:type\" content=\"article\" \/>\n<meta property=\"og:title\" content=\"About - Immitalents\" \/>\n<meta property=\"og:description\" content=\"About Us About ImmiTalents: Global Careers, Simplified ImmiTalents centralizes the economic immigration journey on one global platform. We simplify the complex immigration process by connecting skilled professionals with verified international job opportunities and experienced immigration consultants worldwide. Our mission is clear: make international career mobility accessible, transparent, and efficient\u2014no matter which country you&#8217;re moving to [&hellip;]\" \/>\n<meta property=\"og:url\" content=\"https:\/\/immitalents.com\/es\/acerca-de\/\" \/>\n<meta property=\"og:site_name\" content=\"Immitalents\" \/>\n<meta property=\"article:modified_time\" content=\"2026-01-13T13:03:31+00:00\" \/>\n<meta property=\"og:image\" content=\"https:\/\/immitalents.com\/wp-content\/uploads\/2026\/01\/22548266_503Z_29-scaled.jpg\" \/>\n\t<meta property=\"og:image:width\" content=\"2560\" \/>\n\t<meta property=\"og:image:height\" content=\"1432\" \/>\n\t<meta property=\"og:image:type\" content=\"image\/jpeg\" \/>\n<meta name=\"twitter:card\" content=\"summary_large_image\" \/>\n<meta name=\"twitter:label1\" content=\"Tiempo de lectura\" \/>\n\t<meta name=\"twitter:data1\" content=\"1 minuto\" \/>\n<script type=\"application\/ld+json\" class=\"yoast-schema-graph\">{\"@context\":\"https:\\\/\\\/schema.org\",\"@graph\":[{\"@type\":\"WebPage\",\"@id\":\"https:\\\/\\\/immitalents.com\\\/about\\\/\",\"url\":\"https:\\\/\\\/immitalents.com\\\/about\\\/\",\"name\":\"About - Immitalents\",\"isPartOf\":{\"@id\":\"https:\\\/\\\/immitalents.com\\\/#website\"},\"primaryImageOfPage\":{\"@id\":\"https:\\\/\\\/immitalents.com\\\/about\\\/#primaryimage\"},\"image\":{\"@id\":\"https:\\\/\\\/immitalents.com\\\/about\\\/#primaryimage\"},\"thumbnailUrl\":\"https:\\\/\\\/immitalents.com\\\/wp-content\\\/uploads\\\/2026\\\/01\\\/22548266_503Z_29-768x430.jpg\",\"datePublished\":\"2021-03-10T09:29:15+00:00\",\"dateModified\":\"2026-01-13T13:03:31+00:00\",\"breadcrumb\":{\"@id\":\"https:\\\/\\\/immitalents.com\\\/about\\\/#breadcrumb\"},\"inLanguage\":\"es\",\"potentialAction\":[{\"@type\":\"ReadAction\",\"target\":[\"https:\\\/\\\/immitalents.com\\\/about\\\/\"]}]},{\"@type\":\"ImageObject\",\"inLanguage\":\"es\",\"@id\":\"https:\\\/\\\/immitalents.com\\\/about\\\/#primaryimage\",\"url\":\"https:\\\/\\\/immitalents.com\\\/wp-content\\\/uploads\\\/2026\\\/01\\\/22548266_503Z_29-768x430.jpg\",\"contentUrl\":\"https:\\\/\\\/immitalents.com\\\/wp-content\\\/uploads\\\/2026\\\/01\\\/22548266_503Z_29-768x430.jpg\"},{\"@type\":\"BreadcrumbList\",\"@id\":\"https:\\\/\\\/immitalents.com\\\/about\\\/#breadcrumb\",\"itemListElement\":[{\"@type\":\"ListItem\",\"position\":1,\"name\":\"Home\",\"item\":\"https:\\\/\\\/immitalents.com\\\/\"},{\"@type\":\"ListItem\",\"position\":2,\"name\":\"About\"}]},{\"@type\":\"WebSite\",\"@id\":\"https:\\\/\\\/immitalents.com\\\/#website\",\"url\":\"https:\\\/\\\/immitalents.com\\\/\",\"name\":\"Immitalents\",\"description\":\"Immitalents\",\"potentialAction\":[{\"@type\":\"SearchAction\",\"target\":{\"@type\":\"EntryPoint\",\"urlTemplate\":\"https:\\\/\\\/immitalents.com\\\/?s={search_term_string}\"},\"query-input\":{\"@type\":\"PropertyValueSpecification\",\"valueRequired\":true,\"valueName\":\"search_term_string\"}}],\"inLanguage\":\"es\"}]}<\/script>\n<!-- \/ Yoast SEO plugin. -->","yoast_head_json":{"title":"Acerca de - Immitalents","robots":{"index":"index","follow":"follow","max-snippet":"max-snippet:-1","max-image-preview":"max-image-preview:large","max-video-preview":"max-video-preview:-1"},"canonical":"https:\/\/immitalents.com\/es\/acerca-de\/","og_locale":"es_ES","og_type":"article","og_title":"About - Immitalents","og_description":"About Us About ImmiTalents: Global Careers, Simplified ImmiTalents centralizes the economic immigration journey on one global platform. We simplify the complex immigration process by connecting skilled professionals with verified international job opportunities and experienced immigration consultants worldwide. Our mission is clear: make international career mobility accessible, transparent, and efficient\u2014no matter which country you&#8217;re moving to [&hellip;]","og_url":"https:\/\/immitalents.com\/es\/acerca-de\/","og_site_name":"Immitalents","article_modified_time":"2026-01-13T13:03:31+00:00","og_image":[{"width":2560,"height":1432,"url":"https:\/\/immitalents.com\/wp-content\/uploads\/2026\/01\/22548266_503Z_29-scaled.jpg","type":"image\/jpeg"}],"twitter_card":"summary_large_image","twitter_misc":{"Tiempo de lectura":"1 minuto"},"schema":{"@context":"https:\/\/schema.org","@graph":[{"@type":"WebPage","@id":"https:\/\/immitalents.com\/about\/","url":"https:\/\/immitalents.com\/about\/","name":"Acerca de - Immitalents","isPartOf":{"@id":"https:\/\/immitalents.com\/#website"},"primaryImageOfPage":{"@id":"https:\/\/immitalents.com\/about\/#primaryimage"},"image":{"@id":"https:\/\/immitalents.com\/about\/#primaryimage"},"thumbnailUrl":"https:\/\/immitalents.com\/wp-content\/uploads\/2026\/01\/22548266_503Z_29-768x430.jpg","datePublished":"2021-03-10T09:29:15+00:00","dateModified":"2026-01-13T13:03:31+00:00","breadcrumb":{"@id":"https:\/\/immitalents.com\/about\/#breadcrumb"},"inLanguage":"es","potentialAction":[{"@type":"ReadAction","target":["https:\/\/immitalents.com\/about\/"]}]},{"@type":"ImageObject","inLanguage":"es","@id":"https:\/\/immitalents.com\/about\/#primaryimage","url":"https:\/\/immitalents.com\/wp-content\/uploads\/2026\/01\/22548266_503Z_29-768x430.jpg","contentUrl":"https:\/\/immitalents.com\/wp-content\/uploads\/2026\/01\/22548266_503Z_29-768x430.jpg"},{"@type":"BreadcrumbList","@id":"https:\/\/immitalents.com\/about\/#breadcrumb","itemListElement":[{"@type":"ListItem","position":1,"name":"Home","item":"https:\/\/immitalents.com\/"},{"@type":"ListItem","position":2,"name":"About"}]},{"@type":"WebSite","@id":"https:\/\/immitalents.com\/#website","url":"https:\/\/immitalents.com\/","name":"Immitalents","description":"Immitalents","potentialAction":[{"@type":"SearchAction","target":{"@type":"EntryPoint","urlTemplate":"https:\/\/immitalents.com\/?s={search_term_string}"},"query-input":{"@type":"PropertyValueSpecification","valueRequired":true,"valueName":"search_term_string"}}],"inLanguage":"es"}]}},"_hostinger_reach_plugin_has_subscription_block":false,"_hostinger_reach_plugin_is_elementor":false,"_links":{"self":[{"href":"https:\/\/immitalents.com\/es\/wp-json\/wp\/v2\/pages\/40","targetHints":{"allow":["GET"]}}],"collection":[{"href":"https:\/\/immitalents.com\/es\/wp-json\/wp\/v2\/pages"}],"about":[{"href":"https:\/\/immitalents.com\/es\/wp-json\/wp\/v2\/types\/page"}],"author":[{"embeddable":true,"href":"https:\/\/immitalents.com\/es\/wp-json\/wp\/v2\/users\/41"}],"replies":[{"embeddable":true,"href":"https:\/\/immitalents.com\/es\/wp-json\/wp\/v2\/comments?post=40"}],"version-history":[{"count":36,"href":"https:\/\/immitalents.com\/es\/wp-json\/wp\/v2\/pages\/40\/revisions"}],"predecessor-version":[{"id":10217,"href":"https:\/\/immitalents.com\/es\/wp-json\/wp\/v2\/pages\/40\/revisions\/10217"}],"wp:attachment":[{"href":"https:\/\/immitalents.com\/es\/wp-json\/wp\/v2\/media?parent=40"}],"curies":[{"name":"wp","href":"https:\/\/api.w.org\/{rel}","templated":true}]}}