{"id":154,"date":"2021-03-17T10:22:13","date_gmt":"2021-03-17T10:22:13","guid":{"rendered":"https:\/\/apusthemes.com\/wp-demo\/superio\/?page_id=154"},"modified":"2025-11-05T17:07:09","modified_gmt":"2025-11-05T16:07:09","slug":"login-register","status":"publish","type":"page","link":"https:\/\/immitalents.com\/fr\/login-register\/","title":{"rendered":"Connexion\/enregistrement"},"content":{"rendered":"<div data-elementor-type=\"wp-page\" data-elementor-id=\"154\" class=\"elementor elementor-154\" data-elementor-post-type=\"page\">\n\t\t\t\t\t\t<section class=\"elementor-section elementor-top-section elementor-element elementor-element-5426ddd elementor-section-stretched center elementor-section-boxed elementor-section-height-default elementor-section-height-default\" data-id=\"5426ddd\" data-element_type=\"section\" data-e-type=\"section\" data-settings=\"{&quot;stretch_section&quot;:&quot;section-stretched&quot;}\">\n\t\t\t\t\t\t<div class=\"elementor-container elementor-column-gap-extended\">\n\t\t\t\t\t<div class=\"elementor-column elementor-col-50 elementor-top-column elementor-element elementor-element-50e3c4b login-form script-login\" data-id=\"50e3c4b\" data-element_type=\"column\" data-e-type=\"column\">\n\t\t\t<div class=\"elementor-widget-wrap elementor-element-populated\">\n\t\t\t\t\t\t<div class=\"elementor-element elementor-element-9920961 elementor-widget elementor-widget-heading\" data-id=\"9920961\" data-element_type=\"widget\" data-e-type=\"widget\" data-widget_type=\"heading.default\">\n\t\t\t\t<div class=\"elementor-widget-container\">\n\t\t\t\t\t<h2 class=\"elementor-heading-title elementor-size-default\">Se connecter \u00e0 ImmiTalents<\/h2>\t\t\t\t<\/div>\n\t\t\t\t<\/div>\n\t\t\t\t<div class=\"elementor-element elementor-element-af47eb6 elementor-widget elementor-widget-shortcode\" data-id=\"af47eb6\" data-element_type=\"widget\" data-e-type=\"widget\" data-widget_type=\"shortcode.default\">\n\t\t\t\t<div class=\"elementor-widget-container\">\n\t\t\t\t\t\t\t<div class=\"elementor-shortcode\"><div class=\"login-form-wrapper\">\n\t<div id=\"login-form-wrapper8050\" class=\"form-container\">\t\t\t\n\t\t\t\t\n\t\t<form class=\"login-form\" action=\"https:\/\/immitalents.com\/fr\/\" method=\"post\" data-trp-original-action=\"https:\/\/immitalents.com\/fr\/\">\n\t\t\t\t\t\t<div class=\"form-group\">\n\t\t\t\t<label>Courriel<\/label>\n\t\t\t\t<input autocomplete=\"off\" type=\"text\" name=\"username\" class=\"form-control\" id=\"username_or_email\" placeholder=\"Courriel\">\n\t\t\t<\/div>\n\t\t\t<div class=\"form-group\">\n\t\t\t\t<label>Password<\/label>\n\t\t\t\t<span class=\"show_hide_password\">\n\t\t\t\t\t<input name=\"password\" type=\"password\" class=\"password required form-control\" id=\"login_password\" placeholder=\"Password\">\n\t\t\t\t\t<a class=\"toggle-password\" title=\"Afficher\"><span class=\"dashicons dashicons-hidden\"><\/span><\/a>\n\t\t\t\t<\/span>\n\t\t\t<\/div>\n\n\t\t\t<!-- 2FA Integration for AIOWPS -->\n\t\t\t<div class=\"form-group\" id=\"apus-2fa-field-wrapper\" style=\"display: none;\">\n\t\t\t\t<label>2FA Code<\/label>\n\t\t\t\t<input type=\"text\" name=\"two_factor_code\" class=\"form-control\" id=\"two_factor_code\" placeholder=\"Enter 6-digit code\" autocomplete=\"one-time-code\">\n\t\t\t\t<small class=\"form-text text-muted\">Enter the 6-digit code from your authenticator app.<\/small>\n\t\t\t<\/div>\n\n\t\t\t<div class=\"row form-group info\">\n\t\t\t\t<div class=\"col-sm-6\">\n\t\t\t\t\t<label for=\"user-remember-field8050\" class=\"remember\">\n\t\t\t\t\t\t<input type=\"checkbox\" name=\"remember\" id=\"user-remember-field8050\" value=\"true\"> Keep me signed in\t\t\t\t\t<\/label>\n\t\t\t\t<\/div>\n\t\t\t\t<div class=\"col-sm-6 link-right\">\n\t\t\t\t\t<a class=\"back-link\" href=\"#forgot-password-form-wrapper8050\" title=\"Forgotten password\">Forgotten password?<\/a>\n\t\t\t\t<\/div>\n\t\t\t<\/div>\n\t\t\t\n\t\t\t\t\t\t\t<div class=\"form-group info\">\n\t\t\t\t\t<div id=\"recaptcha-login-form\" class=\"ga-recaptcha\" data-sitekey=\"6Ldb_A8sAAAAAIBT49NzjzQUNmZtMy7Y9yqCTwct\"><\/div>\n\t\t\t\t<\/div>\n\t\t\t\t\t\t\n\t\t\t<div class=\"form-group\">\n\t\t\t\t<input type=\"submit\" class=\"btn btn-theme btn-block\" name=\"submit\" value=\"Connexion\"\/>\n\t\t\t<\/div>\n\t\t\t<div class=\"wrapper-social-login\"><div class=\"line-header\"><span>ou<\/span><\/div><div class=\"inner-social\">        <div class=\"google-login-btn-wrapper\">\n            <a class=\"google-login-btn google-login-new\" href=\"https:\/\/accounts.google.com\/o\/oauth2\/auth?response_type=code&#038;redirect_uri=https%3A%2F%2Fimmitalents.com%2Ffr%2F&#038;client_id=871332725829-jgkc068mio9rs21ofjei299sfrsas3ve.apps.googleusercontent.com&#038;scope=email&#038;access_type=online&#038;approval_prompt=auto\">\n                <i class=\"fab fa-google\"><\/i> Google            <\/a>\n        <\/div>\n        <\/div><\/div><input type=\"hidden\" id=\"security_login\" name=\"security_login\" value=\"25867cd96c\" \/><input type=\"hidden\" name=\"_wp_http_referer\" value=\"\/fr\/wp-json\/wp\/v2\/pages\/154\" \/>\t\t\t\t\t<input type=\"hidden\" name=\"trp-form-language\" value=\"fr\"\/><\/form>\n\t<\/div>\n\t<!-- reset form -->\n\t<div id=\"forgot-password-form-wrapper8050\" class=\"form-container forgotpassword-form-wrapper\">\n\t\t<div class=\"top-info-user text-center1\">\n\t\t\t<h3 class=\"title\">Reset Password<\/h3>\n\t\t\t<div class=\"des\">Please Enter Username or Email<\/div>\n\t\t<\/div>\n\t\t<form name=\"forgotpasswordform\" class=\"forgotpassword-form\" action=\"https:\/\/immitalents.com\/fr\/manage-access\/?action=lostpassword\" method=\"post\">\n\t\t\t<div class=\"lostpassword-fields\">\n\t\t\t\t<div class=\"form-group\">\n\t\t\t\t\t<input type=\"text\" name=\"user_login\" class=\"user_login form-control\" id=\"lostpassword_username\" placeholder=\"Username or E-mail\">\n\t\t\t\t<\/div>\n\t\t\t\t<input type=\"hidden\" id=\"security_lostpassword\" name=\"security_lostpassword\" value=\"7e1cfe959b\" \/><input type=\"hidden\" name=\"_wp_http_referer\" value=\"\/fr\/wp-json\/wp\/v2\/pages\/154\" \/>\n\t            <div id=\"recaptcha-forgotpasswordform\" class=\"ga-recaptcha\" data-sitekey=\"6Ldb_A8sAAAAAIBT49NzjzQUNmZtMy7Y9yqCTwct\"><\/div>\n\t\t      \t\n\t\t\t\t<div class=\"form-group\">\n\t\t\t\t\t<div class=\"row\">\n\t\t\t\t\t\t<div class=\"col-xs-6\"><input type=\"submit\" class=\"btn btn-theme btn-sm btn-block\" name=\"wp-submit\" value=\"Get New Password\" tabindex=\"100\" \/><\/div>\n\t\t\t\t\t<\/div>\n\t\t\t\t<\/div>\n\t\t\t<\/div>\n\t\t\t<div class=\"lostpassword-link\"><a href=\"#login-form-wrapper8050\" class=\"back-link\">Back To Login<\/a><\/div>\n\t\t<\/form>\n\t<\/div>\n<\/div>\n<\/div>\n\t\t\t\t\t\t<\/div>\n\t\t\t\t<\/div>\n\t\t\t\t<div class=\"elementor-element elementor-element-acc7e0b elementor-widget elementor-widget-shortcode\" data-id=\"acc7e0b\" data-element_type=\"widget\" data-e-type=\"widget\" data-widget_type=\"shortcode.default\">\n\t\t\t\t<div class=\"elementor-widget-container\">\n\t\t\t\t\t\t\t<div class=\"elementor-shortcode\"><\/div>\n\t\t\t\t\t\t<\/div>\n\t\t\t\t<\/div>\n\t\t\t\t\t<\/div>\n\t\t<\/div>\n\t\t\t\t<div class=\"elementor-column elementor-col-50 elementor-top-column elementor-element elementor-element-a62c626 register-form script-register\" data-id=\"a62c626\" data-element_type=\"column\" data-e-type=\"column\">\n\t\t\t<div class=\"elementor-widget-wrap elementor-element-populated\">\n\t\t\t\t\t\t<div class=\"elementor-element elementor-element-e1f4ec0 elementor-widget elementor-widget-heading\" data-id=\"e1f4ec0\" data-element_type=\"widget\" data-e-type=\"widget\" data-widget_type=\"heading.default\">\n\t\t\t\t<div class=\"elementor-widget-container\">\n\t\t\t\t\t<h2 class=\"elementor-heading-title elementor-size-default\"><h2 class=\"elementor-heading-title elementor-size-default elementor-inline-editing pen\" data-elementor-setting-key=\"title\" data-pen-placeholder=\"Type Here...\" style=\"font-family: Jost, Arial, sans-serif\">S'inscrire \u00e0 ImmiTalents<\/h2><\/h2>\t\t\t\t<\/div>\n\t\t\t\t<\/div>\n\t\t\t\t<div class=\"elementor-element elementor-element-63c1860 elementor-widget elementor-widget-apus_element_register_tabs\" data-id=\"63c1860\" data-element_type=\"widget\" data-e-type=\"widget\" data-widget_type=\"apus_element_register_tabs.default\">\n\t\t\t\t<div class=\"elementor-widget-container\">\n\t\t\t\t\t\t\t\t\t<div class=\"register-form register-form-wrapper\">\n\n\t\t\t\t\t\t\t\t\t\t\t<ul class=\"role-tabs nav nav-tabs\">\n\t\t\t\t\t\t\t\t\t\t\t\t\t\t<li class=\"active\"><a data-toggle=\"tab\" href=\"#apus_register_form_candidate_VWHyW\"><i class=\"flaticon-user\"><\/i>Candidat<\/a><\/li>\n\t\t\t\t\t\t\t\t\t\t\t\t\t\t\t\t\t\t\t\t\t<li><a data-toggle=\"tab\" href=\"#apus_register_form_employer_VWHyW\"><i class=\"flaticon-briefcase\"><\/i>Employeur<\/a><\/li>\n\t\t\t\t\t\t\t\t\t\t\t\t\t<\/ul>\n\t\t\t\t\t\n\t\t\t\t\t<div class=\"tab-content clearfix\">\n\t\t\t\t\t\t\t\t\t\t\t\t\t<div class=\"tab-pane active in\" id=\"apus_register_form_candidate_VWHyW\">\n\t\t\t\t\t\t\t\t\n<div class=\"register-form-wrapper\">\n  \t<div class=\"container-form\">\n\n  \t\t\n\t\t\n  \t\t<form action=\"\" class=\"cmb-form _candidate_register_fields\" method=\"post\" id=\"_candidate_register_fields_9140\" enctype=\"multipart\/form-data\" encoding=\"multipart\/form-data\" data-trp-original-action=\"\"><input type=\"hidden\" name=\"wp_job_board_pro_register_candidate_form\" value=\"wp_job_board_pro_register_candidate_form\"><input type=\"hidden\" name=\"object_id\" value=\"kgsDI\">\n<!-- Begin CMB2 Fields -->\n<input type=\"hidden\" id=\"nonce_CMB2php_candidate_register_fields\" name=\"nonce_CMB2php_candidate_register_fields\" value=\"c8902afecb\" \/><div class=\"cmb2-wrap form-table\"><div id=\"cmb2-metabox-_candidate_register_fields\" class=\"cmb2-metabox cmb-field-list\"><div class=\"cmb-row cmb-type-text cmb2-id--candidate-email table-layout\" data-fieldtype=\"text\">\n<div class=\"cmb-th\">Courriel <span class=\"required\">*<\/span><\/div>\n\t<div class=\"cmb-td\">\n<input type=\"text\" class=\"regular-text\" name=\"_candidate_email\" id=\"_candidate_email\" value=\"\" data-hash='5d52tsq4k6r0' placeholder=\"Courriel\" required=\"1\"\/>\n\t<\/div>\n<\/div><div class=\"cmb-row cmb-type-hide-show-password cmb2-id--candidate-password\" data-fieldtype=\"hide_show_password\">\n<div class=\"cmb-th\">Password <span class=\"required\">*<\/span><\/div>\n\t<div class=\"cmb-td\">\n \n\t\t<span class=\"show_hide_password_wrapper\">\n\t\t\t<input type=\"password\" class=\"regular-text\" name=\"_candidate_password\" id=\"hide_show_password\" value=\"\" data-lpignore='1' autocomplete=\"off\" data-hash='22je8icbor60' placeholder=\"Password\" required=\"1\"\/>\t\t\t<a class=\"toggle-password\" title=\"Afficher\"><span class=\"dashicons dashicons-hidden\"><\/span><\/a>\n\t\t<\/span>\n\t\t\n\t<\/div>\n<\/div><div class=\"cmb-row cmb-type-hide-show-password cmb2-id--candidate-confirmpassword\" data-fieldtype=\"hide_show_password\">\n<div class=\"cmb-th\">Confirm Password <span class=\"required\">*<\/span><\/div>\n\t<div class=\"cmb-td\">\n \n\t\t<span class=\"show_hide_password_wrapper\">\n\t\t\t<input type=\"password\" class=\"regular-text\" name=\"_candidate_confirmpassword\" id=\"hide_show_password\" value=\"\" data-lpignore='1' autocomplete=\"off\" data-hash='2mtknu85a3fg' placeholder=\"Confirm Password\" required=\"1\"\/>\t\t\t<a class=\"toggle-password\" title=\"Afficher\"><span class=\"dashicons dashicons-hidden\"><\/span><\/a>\n\t\t<\/span>\n\t\t\n\t<\/div>\n<\/div><\/div><\/div><input type=\"hidden\" class=\"cmb2-hidden\" name=\"post_type\" id=\"post_type\" value=\"candidate\" data-hash='2khp2m90olu0'\/>\n<!-- End CMB2 Fields -->\n <div id=\"recaptcha-register-candidate\" class=\"ga-recaptcha margin-bottom-25\" data-sitekey=\"6Ldb_A8sAAAAAIBT49NzjzQUNmZtMy7Y9yqCTwct\"><\/div>\n\t\t\t\t<div class=\"form-group\">\n\t\t\t\t\t<label for=\"register-terms-and-conditions\">\n\t\t\t\t\t\t<input type=\"checkbox\" name=\"terms_and_conditions\" value=\"on\" id=\"register-terms-and-conditions\" required>\n\t\t\t\t\t\tYou accept our <a href=\"https:\/\/immitalents.com\/fr\/terms\/\">Terms and Conditions and Privacy Policy<\/a>\n\t\t\t\t\t<\/label>\n\t\t\t\t<\/div><input type=\"submit\" name=\"submit-cmb-register-candidate\" value=\"Register now\" class=\"button-primary\"><input type=\"hidden\" name=\"trp-form-language\" value=\"fr\"\/><\/form>\n    <\/div>\n\n<\/div>\n\t\t\t\t\t\t\t<\/div>\n\t\t\t\t\t\t\t\t\t\t\t\t\t\t\t\t\t\t\t<div class=\"tab-pane\" id=\"apus_register_form_employer_VWHyW\">\n\t\t\t\t\t\t\t\t\n<div class=\"register-form-wrapper\">\n  \t<div class=\"container-form\">\n\n  \t\t\n\t\t\n  \t\t<form action=\"\" class=\"cmb-form _employer_register_fields\" method=\"post\" id=\"_employer_register_fields_3282\" enctype=\"multipart\/form-data\" encoding=\"multipart\/form-data\" data-trp-original-action=\"\"><input type=\"hidden\" name=\"wp_job_board_pro_register_employer_form\" value=\"wp_job_board_pro_register_employer_form\"><input type=\"hidden\" name=\"object_id\" value=\"GVws4\">\n<!-- Begin CMB2 Fields -->\n<input type=\"hidden\" id=\"nonce_CMB2php_employer_register_fields\" name=\"nonce_CMB2php_employer_register_fields\" value=\"3fd7f3f28a\" \/><div class=\"cmb2-wrap form-table\"><div id=\"cmb2-metabox-_employer_register_fields\" class=\"cmb2-metabox cmb-field-list\"><div class=\"cmb-row cmb-type-text cmb2-id--employer-email table-layout\" data-fieldtype=\"text\">\n<div class=\"cmb-th\">Courriel <span class=\"required\">*<\/span><\/div>\n\t<div class=\"cmb-td\">\n<input type=\"text\" class=\"regular-text\" name=\"_employer_email\" id=\"_employer_email\" value=\"\" data-hash='6hlb2l5m4mk0' placeholder=\"Courriel\" required=\"1\"\/>\n\t<\/div>\n<\/div><div class=\"cmb-row cmb-type-hide-show-password cmb2-id--employer-password\" data-fieldtype=\"hide_show_password\">\n<div class=\"cmb-th\">Password <span class=\"required\">*<\/span><\/div>\n\t<div class=\"cmb-td\">\n \n\t\t<span class=\"show_hide_password_wrapper\">\n\t\t\t<input type=\"password\" class=\"regular-text\" name=\"_employer_password\" id=\"hide_show_password\" value=\"\" data-lpignore='1' autocomplete=\"off\" data-hash='4l40gpf3g8n0' placeholder=\"Password\" required=\"1\"\/>\t\t\t<a class=\"toggle-password\" title=\"Afficher\"><span class=\"dashicons dashicons-hidden\"><\/span><\/a>\n\t\t<\/span>\n\t\t\n\t<\/div>\n<\/div><div class=\"cmb-row cmb-type-hide-show-password cmb2-id--employer-confirmpassword\" data-fieldtype=\"hide_show_password\">\n<div class=\"cmb-th\">Confirm Password <span class=\"required\">*<\/span><\/div>\n\t<div class=\"cmb-td\">\n \n\t\t<span class=\"show_hide_password_wrapper\">\n\t\t\t<input type=\"password\" class=\"regular-text\" name=\"_employer_confirmpassword\" id=\"hide_show_password\" value=\"\" data-lpignore='1' autocomplete=\"off\" data-hash='43vscekeu6d0' placeholder=\"Confirm Password\" required=\"1\"\/>\t\t\t<a class=\"toggle-password\" title=\"Afficher\"><span class=\"dashicons dashicons-hidden\"><\/span><\/a>\n\t\t<\/span>\n\t\t\n\t<\/div>\n<\/div><div class=\"cmb-row cmb-type-text cmb2-id--employer-legal-company-name table-layout\" data-fieldtype=\"text\">\n<div class=\"cmb-th\">Legal Company Name <span class=\"required\">*<\/span><\/div>\n\t<div class=\"cmb-td\">\n<input type=\"text\" class=\"regular-text\" name=\"_employer_legal_company_name\" id=\"_employer_legal_company_name\" value=\"\" data-hash='6k0ee60ac6o0' placeholder=\"Enter Legal Company Name\" required=\"1\"\/>\n\t<\/div>\n<\/div><div class=\"cmb-row cmb-type-text cmb2-id--employer-business-registration-id table-layout\" data-fieldtype=\"text\">\n<div class=\"cmb-th\">Business Registration \/ Tax ID <span class=\"required\">*<\/span><\/div>\n\t<div class=\"cmb-td\">\n<input type=\"text\" class=\"regular-text\" name=\"_employer_business_registration_id\" id=\"_employer_business_registration_id\" value=\"\" data-hash='7kg3d1ttmcg0' placeholder=\"Enter Business Registration \/ Tax ID\" required=\"1\"\/>\n\t<\/div>\n<\/div><div class=\"cmb-row cmb-type-radio cmb2-id--employer-authorization-foreign-workers\" data-fieldtype=\"radio\">\n<div class=\"cmb-th\">Authorization to hire foreign workers <span class=\"required\">*<\/span><\/div>\n\t<div class=\"cmb-td\">\n<ul class=\"cmb2-radio-list cmb2-list\">\t<li><input type=\"radio\" class=\"cmb2-option\" name=\"_employer_authorization_foreign_workers\" id=\"_employer_authorization_foreign_workers1\" value=\"yes\" data-hash='1vqaofgho82o' required=\"1\"\/> <label for=\"_employer_authorization_foreign_workers1\">Oui<\/label><\/li>\n\t<li><input type=\"radio\" class=\"cmb2-option\" name=\"_employer_authorization_foreign_workers\" id=\"_employer_authorization_foreign_workers2\" value=\"no\" data-hash='1vqaofgho82o' required=\"1\"\/> <label for=\"_employer_authorization_foreign_workers2\">Non<\/label><\/li>\n<\/ul>\n\t<\/div>\n<\/div><div class=\"cmb-row cmb-type-textarea cmb2-id--employer-licenses-approvals\" data-fieldtype=\"textarea\">\n<div class=\"cmb-th\">Licenses \/ Approvals <span class=\"required\">*<\/span><\/div>\n\t<div class=\"cmb-td\">\n<textarea class=\"cmb2_textarea\" name=\"_employer_licenses_approvals\" id=\"_employer_licenses_approvals\" cols=\"60\" rows=\"3\" data-hash='7o6f50hrriq0' placeholder=\"Enter Licenses \/ Approvals details\" required=\"1\"><\/textarea>\n\t<\/div>\n<\/div><\/div><\/div><input type=\"hidden\" class=\"cmb2-hidden\" name=\"post_type\" id=\"post_type\" value=\"employer\" data-hash='13buo8iukl38'\/>\n<!-- End CMB2 Fields -->\n <div id=\"recaptcha-register-candidate\" class=\"ga-recaptcha margin-bottom-25\" data-sitekey=\"6Ldb_A8sAAAAAIBT49NzjzQUNmZtMy7Y9yqCTwct\"><\/div>\n\t\t\t\t<div class=\"form-group\">\n\t\t\t\t\t<label for=\"register-terms-and-conditions\">\n\t\t\t\t\t\t<input type=\"checkbox\" name=\"terms_and_conditions\" value=\"on\" id=\"register-terms-and-conditions\" required>\n\t\t\t\t\t\tYou accept our <a href=\"https:\/\/immitalents.com\/fr\/terms\/\">Terms and Conditions and Privacy Policy<\/a>\n\t\t\t\t\t<\/label>\n\t\t\t\t<\/div>\n\t\t\t<div class=\"form-group\">\n\t\t\t\t<label for=\"register-compliance-declaration\">\n\t\t\t\t\t<input type=\"checkbox\" name=\"_employer_compliance_declaration\" value=\"on\" id=\"register-compliance-declaration\" required>\n\t\t\t\t\tJe d\u00e9clare que toutes les informations fournies sont exactes et que je respecte toutes les lois et r\u00e9glementations applicables.\n\t\t\t\t<\/label>\n\t\t\t<\/div><input type=\"submit\" name=\"submit-cmb-register-employer\" value=\"Register now\" class=\"button-primary\"><input type=\"hidden\" name=\"trp-form-language\" value=\"fr\"\/><\/form><div id=\"authorization-message\" class=\"alert alert-warning authorization-message\" style=\"display: none; margin-top: 15px;\">\n\t\t\t\t\t<strong>Notice:<\/strong> You are not authorized to hire foreign workers. \n\t\t\t\t\t<a href=\"https:\/\/immitalents.com\/fr\/services-dimmigration\/\" target=\"_blank\" class=\"btn btn-primary\" style=\"display: inline-block; margin-top: 10px;\">Outil du sp\u00e9cialiste du contact<\/a>\n\t\t\t\t<\/div>\n    <\/div>\n\n<\/div>\n\t\t\t\t\t\t\t<\/div>\n\t\t\t\t\t\t\t\t\t\t\t<\/div>\n\t\t\t\t<\/div>\n\t\t\t\t\t\t\t\t<\/div>\n\t\t\t\t<\/div>\n\t\t\t\t<div class=\"elementor-element elementor-element-c81e245 elementor-widget elementor-widget-html\" data-id=\"c81e245\" data-element_type=\"widget\" data-e-type=\"widget\" data-widget_type=\"html.default\">\n\t\t\t\t<div class=\"elementor-widget-container\">\n\t\t\t\t\t<style>\n    .center .elementor-container{\n        justify-content: center\n    } \n<\/style>\t\t\t\t<\/div>\n\t\t\t\t<\/div>\n\t\t\t\t\t<\/div>\n\t\t<\/div>\n\t\t\t\t\t<\/div>\n\t\t<\/section>\n\t\t<div class=\"elementor-element elementor-element-6c2c875 e-flex e-con-boxed e-con e-parent\" data-id=\"6c2c875\" data-element_type=\"container\" data-e-type=\"container\">\n\t\t\t\t\t<div class=\"e-con-inner\">\n\t\t\t\t<div class=\"elementor-element elementor-element-c11b866 elementor-widget elementor-widget-shortcode\" data-id=\"c11b866\" data-element_type=\"widget\" data-e-type=\"widget\" data-widget_type=\"shortcode.default\">\n\t\t\t\t<div class=\"elementor-widget-container\">\n\t\t\t\t\t\t\t<div class=\"elementor-shortcode\">\t<div class=\"login-register-switcher\">\n\t\t\t\t\t<div class=\"switcher-text\">\n\t\t\t\t<span class=\"login-prompt active\">\n\t\t\t\t\tDon&#039;t have an account?\t\t\t\t\t<a href=\"#\" class=\"switch-to-register\">\n\t\t\t\t\t\tRegistre\t\t\t\t\t<\/a>\n\t\t\t\t<\/span>\n\t\t\t\t<span class=\"register-prompt\">\n\t\t\t\t\tAlready have an account?\t\t\t\t\t<a href=\"#\" class=\"switch-to-login\">\n\t\t\t\t\t\tConnexion\t\t\t\t\t<\/a>\n\t\t\t\t<\/span>\n\t\t\t<\/div>\n\t\t\t<\/div>\n\t<\/div>\n\t\t\t\t\t\t<\/div>\n\t\t\t\t<\/div>\n\t\t\t\t<div class=\"elementor-element elementor-element-51ae46d elementor-widget elementor-widget-html\" data-id=\"51ae46d\" data-element_type=\"widget\" data-e-type=\"widget\" data-widget_type=\"html.default\">\n\t\t\t\t<div class=\"elementor-widget-container\">\n\t\t\t\t\t<style>\n    .inner-social{\n        display:flex;\n        justify-content: center\n    }\n<\/style>\t\t\t\t<\/div>\n\t\t\t\t<\/div>\n\t\t\t\t\t<\/div>\n\t\t\t\t<\/div>\n\t\t\t\t<\/div>","protected":false},"excerpt":{"rendered":"<p>Se connecter \u00e0 ImmiTalents S'inscrire \u00e0 ImmiTalents Vous \u00eates actuellement connect\u00e9 en tant que d\u00e9veloppeur. Se d\u00e9connecter<\/p>","protected":false},"author":41,"featured_media":0,"parent":0,"menu_order":0,"comment_status":"closed","ping_status":"closed","template":"","meta":{"_acf_changed":false,"footnotes":""},"class_list":["post-154","page","type-page","status-publish","hentry"],"acf":[],"yoast_head":"<!-- This site is optimized with the Yoast SEO plugin v27.3 - https:\/\/yoast.com\/product\/yoast-seo-wordpress\/ -->\n<title>Login\/Register - Immitalents<\/title>\n<meta name=\"robots\" content=\"index, follow, max-snippet:-1, max-image-preview:large, max-video-preview:-1\" \/>\n<link rel=\"canonical\" href=\"https:\/\/immitalents.com\/fr\/login-register\/\" \/>\n<meta property=\"og:locale\" content=\"fr_FR\" \/>\n<meta property=\"og:type\" content=\"article\" \/>\n<meta property=\"og:title\" content=\"Login\/Register - Immitalents\" \/>\n<meta property=\"og:description\" content=\"Login to ImmiTalents Register to ImmiTalents You are currently signed in as developers. Sign out\" \/>\n<meta property=\"og:url\" content=\"https:\/\/immitalents.com\/fr\/login-register\/\" \/>\n<meta property=\"og:site_name\" content=\"Immitalents\" \/>\n<meta property=\"article:modified_time\" content=\"2025-11-05T16:07:09+00:00\" \/>\n<meta property=\"og:image\" content=\"https:\/\/immitalents.com\/wp-content\/uploads\/2025\/10\/Nowy-projekt.png\" \/>\n\t<meta property=\"og:image:width\" content=\"1200\" \/>\n\t<meta property=\"og:image:height\" content=\"675\" \/>\n\t<meta property=\"og:image:type\" content=\"image\/png\" \/>\n<meta name=\"twitter:card\" content=\"summary_large_image\" \/>\n<meta name=\"twitter:label1\" content=\"Dur\u00e9e de lecture estim\u00e9e\" \/>\n\t<meta name=\"twitter:data1\" content=\"1 minute\" \/>\n<script type=\"application\/ld+json\" class=\"yoast-schema-graph\">{\"@context\":\"https:\\\/\\\/schema.org\",\"@graph\":[{\"@type\":\"WebPage\",\"@id\":\"https:\\\/\\\/immitalents.com\\\/login-register\\\/\",\"url\":\"https:\\\/\\\/immitalents.com\\\/login-register\\\/\",\"name\":\"Login\\\/Register - Immitalents\",\"isPartOf\":{\"@id\":\"https:\\\/\\\/immitalents.com\\\/#website\"},\"datePublished\":\"2021-03-17T10:22:13+00:00\",\"dateModified\":\"2025-11-05T16:07:09+00:00\",\"breadcrumb\":{\"@id\":\"https:\\\/\\\/immitalents.com\\\/login-register\\\/#breadcrumb\"},\"inLanguage\":\"fr-FR\",\"potentialAction\":[{\"@type\":\"ReadAction\",\"target\":[\"https:\\\/\\\/immitalents.com\\\/login-register\\\/\"]}]},{\"@type\":\"BreadcrumbList\",\"@id\":\"https:\\\/\\\/immitalents.com\\\/login-register\\\/#breadcrumb\",\"itemListElement\":[{\"@type\":\"ListItem\",\"position\":1,\"name\":\"Home\",\"item\":\"https:\\\/\\\/immitalents.com\\\/\"},{\"@type\":\"ListItem\",\"position\":2,\"name\":\"Login\\\/Register\"}]},{\"@type\":\"WebSite\",\"@id\":\"https:\\\/\\\/immitalents.com\\\/#website\",\"url\":\"https:\\\/\\\/immitalents.com\\\/\",\"name\":\"Immitalents\",\"description\":\"Immitalents\",\"potentialAction\":[{\"@type\":\"SearchAction\",\"target\":{\"@type\":\"EntryPoint\",\"urlTemplate\":\"https:\\\/\\\/immitalents.com\\\/?s={search_term_string}\"},\"query-input\":{\"@type\":\"PropertyValueSpecification\",\"valueRequired\":true,\"valueName\":\"search_term_string\"}}],\"inLanguage\":\"fr-FR\"}]}<\/script>\n<!-- \/ Yoast SEO plugin. -->","yoast_head_json":{"title":"Connexion\/enregistrement - Immitalents","robots":{"index":"index","follow":"follow","max-snippet":"max-snippet:-1","max-image-preview":"max-image-preview:large","max-video-preview":"max-video-preview:-1"},"canonical":"https:\/\/immitalents.com\/fr\/login-register\/","og_locale":"fr_FR","og_type":"article","og_title":"Login\/Register - Immitalents","og_description":"Login to ImmiTalents Register to ImmiTalents You are currently signed in as developers. Sign out","og_url":"https:\/\/immitalents.com\/fr\/login-register\/","og_site_name":"Immitalents","article_modified_time":"2025-11-05T16:07:09+00:00","og_image":[{"width":1200,"height":675,"url":"https:\/\/immitalents.com\/wp-content\/uploads\/2025\/10\/Nowy-projekt.png","type":"image\/png"}],"twitter_card":"summary_large_image","twitter_misc":{"Dur\u00e9e de lecture estim\u00e9e":"1 minute"},"schema":{"@context":"https:\/\/schema.org","@graph":[{"@type":"WebPage","@id":"https:\/\/immitalents.com\/login-register\/","url":"https:\/\/immitalents.com\/login-register\/","name":"Connexion\/enregistrement - Immitalents","isPartOf":{"@id":"https:\/\/immitalents.com\/#website"},"datePublished":"2021-03-17T10:22:13+00:00","dateModified":"2025-11-05T16:07:09+00:00","breadcrumb":{"@id":"https:\/\/immitalents.com\/login-register\/#breadcrumb"},"inLanguage":"fr-FR","potentialAction":[{"@type":"ReadAction","target":["https:\/\/immitalents.com\/login-register\/"]}]},{"@type":"BreadcrumbList","@id":"https:\/\/immitalents.com\/login-register\/#breadcrumb","itemListElement":[{"@type":"ListItem","position":1,"name":"Home","item":"https:\/\/immitalents.com\/"},{"@type":"ListItem","position":2,"name":"Login\/Register"}]},{"@type":"WebSite","@id":"https:\/\/immitalents.com\/#website","url":"https:\/\/immitalents.com\/","name":"Immitalents","description":"Immitalents","potentialAction":[{"@type":"SearchAction","target":{"@type":"EntryPoint","urlTemplate":"https:\/\/immitalents.com\/?s={search_term_string}"},"query-input":{"@type":"PropertyValueSpecification","valueRequired":true,"valueName":"search_term_string"}}],"inLanguage":"fr-FR"}]}},"_hostinger_reach_plugin_has_subscription_block":false,"_hostinger_reach_plugin_is_elementor":false,"_links":{"self":[{"href":"https:\/\/immitalents.com\/fr\/wp-json\/wp\/v2\/pages\/154","targetHints":{"allow":["GET"]}}],"collection":[{"href":"https:\/\/immitalents.com\/fr\/wp-json\/wp\/v2\/pages"}],"about":[{"href":"https:\/\/immitalents.com\/fr\/wp-json\/wp\/v2\/types\/page"}],"author":[{"embeddable":true,"href":"https:\/\/immitalents.com\/fr\/wp-json\/wp\/v2\/users\/41"}],"replies":[{"embeddable":true,"href":"https:\/\/immitalents.com\/fr\/wp-json\/wp\/v2\/comments?post=154"}],"version-history":[{"count":39,"href":"https:\/\/immitalents.com\/fr\/wp-json\/wp\/v2\/pages\/154\/revisions"}],"predecessor-version":[{"id":9902,"href":"https:\/\/immitalents.com\/fr\/wp-json\/wp\/v2\/pages\/154\/revisions\/9902"}],"wp:attachment":[{"href":"https:\/\/immitalents.com\/fr\/wp-json\/wp\/v2\/media?parent=154"}],"curies":[{"name":"wp","href":"https:\/\/api.w.org\/{rel}","templated":true}]}}